{"id":196,"date":"2021-04-19T14:03:28","date_gmt":"2021-04-19T14:03:28","guid":{"rendered":"https:\/\/demo.artureanec.com\/themes\/technum\/?page_id=196"},"modified":"2024-01-15T16:40:11","modified_gmt":"2024-01-15T19:40:11","slug":"blog","status":"publish","type":"page","link":"https:\/\/www.criashop.global\/es\/blog\/","title":{"rendered":"Blog"},"content":{"rendered":"<div data-elementor-type=\"wp-page\" data-elementor-id=\"196\" class=\"elementor elementor-196\">\n\t\t\t\t\t\t<div class=\"elementor-inner\">\n\t\t\t\t<div class=\"elementor-section-wrap\">\n\t\t\t\t\t\t\t\t\t<section class=\"elementor-section elementor-top-section elementor-element elementor-element-0ef0355 elementor-section-boxed elementor-section-height-default elementor-section-height-default\" data-id=\"0ef0355\" data-element_type=\"section\">\n\t\t\t\t\t\t<div class=\"elementor-container elementor-column-gap-default\">\n\t\t\t\t\t\t\t<div class=\"elementor-row\">\n\t\t\t\t\t<div class=\"elementor-column elementor-col-100 elementor-top-column elementor-element elementor-element-1793297\" data-id=\"1793297\" data-element_type=\"column\">\n\t\t\t<div class=\"elementor-column-wrap elementor-element-populated\">\n\t\t\t\t\t\t\t<div class=\"elementor-widget-wrap\">\n\t\t\t\t\t\t<div class=\"elementor-element elementor-element-a22fb37 elementor-widget elementor-widget-technum_blog_listing\" data-id=\"a22fb37\" data-element_type=\"widget\" data-widget_type=\"technum_blog_listing.default\">\n\t\t\t\t<div class=\"elementor-widget-container\">\n\t\t\t\n        <div class=\"archive-listing\" data-ajax='{&quot;post_type&quot;:&quot;post&quot;,&quot;posts_per_page&quot;:4,&quot;orderby&quot;:&quot;date&quot;,&quot;order&quot;:&quot;desc&quot;,&quot;paged&quot;:1,&quot;category_name&quot;:&quot;&quot;,&quot;tag&quot;:&quot;&quot;,&quot;post__in&quot;:&quot;&quot;,&quot;ignore_sticky_posts&quot;:false,&quot;link_base&quot;:&quot;https:\\\/\\\/www.criashop.global\\\/es\\\/wp-json\\\/wp\\\/v2\\\/pages\\\/196&quot;}' data-widget='{&quot;excerpt_length&quot;:308,&quot;show_cat&quot;:&quot;yes&quot;,&quot;show_media&quot;:&quot;yes&quot;,&quot;show_author&quot;:&quot;&quot;,&quot;show_date&quot;:&quot;&quot;,&quot;show_title&quot;:&quot;yes&quot;,&quot;show_tags&quot;:&quot;no&quot;,&quot;show_excerpt&quot;:&quot;yes&quot;,&quot;show_read_more&quot;:&quot;yes&quot;,&quot;read_more_text&quot;:&quot;Saiba Mais&quot;,&quot;item_class&quot;:&quot;post standard-blog-item-wrapper&quot;,&quot;columns_number&quot;:1}'>\n            <div class=\"archive-listing-wrapper\">\n                \r\n<div class=\"standard-blog-item-wrapper post post-8958 type-post status-publish format-standard has-post-thumbnail hentry category-sem-categoria-pt-br\">\r\n    <div class=\"blog-item\">\r\n        <div class=\"post-media-wrapper\"><a href=\"https:\/\/www.criashop.global\/es\/blog\/2026\/03\/24\/blog-automacao-de-atendimento-empresas-enquanto-dormes-a-tua-concorrencia-esta-a-responder-centraliza-o-atendimento-e-tr\/\"><picture><source media=\"(max-width: 575px)\" sizes=\"(max-width: 535px) 535px\" srcset=\"https:\/\/www.criashop.global\/wp-content\/uploads\/2026\/03\/2026-03-23_blog-automacao-de-atendimento-empresas-enquanto-dormes-a-tua-concorrencia-esta-a-responder-centraliza-o-atendimento-e-tr-535x300.png 535w\"><source media=\"(max-width: 991px)\" sizes=\"(max-width: 951px) 951px\" srcset=\"https:\/\/www.criashop.global\/wp-content\/uploads\/2026\/03\/2026-03-23_blog-automacao-de-atendimento-empresas-enquanto-dormes-a-tua-concorrencia-esta-a-responder-centraliza-o-atendimento-e-tr-951x438.png 951w\"><img decoding=\"async\" alt=\"2026-03-23_blog-automacao-de-atendimento-empresas-enquanto-dormes-a-tua-concorrencia-esta-a-responder-centraliza-o-atendimento-e-tr\" title=\"2026-03-23_blog-automacao-de-atendimento-empresas-enquanto-dormes-a-tua-concorrencia-esta-a-responder-centraliza-o-atendimento-e-tr\" src=\"https:\/\/www.criashop.global\/wp-content\/uploads\/2026\/03\/2026-03-23_blog-automacao-de-atendimento-empresas-enquanto-dormes-a-tua-concorrencia-esta-a-responder-centraliza-o-atendimento-e-tr-1170x471.png\" class=\"attachment-post-thumbnail size-post-thumbnail wp-post-image\" \/><\/picture><\/a><\/div><div class=\"post-labels\"><div class=\"post-categories\"><a class=\"post-category-item\" href=\"https:\/\/www.criashop.global\/es\/blog\/category\/sem-categoria-pt-br\/\">Sem categoria<\/a><\/div><\/div><h3 class=\"post-title\"><a href=\"https:\/\/www.criashop.global\/es\/blog\/2026\/03\/24\/blog-automacao-de-atendimento-empresas-enquanto-dormes-a-tua-concorrencia-esta-a-responder-centraliza-o-atendimento-e-tr\/\">Centraliza o Atendimento e Transforma Leads em Vendas<\/a><\/h3><div class=\"post-content\">Resumo executivo A automa\u00e7\u00e3o do atendimento ao cliente \u00e9 a chave para converter leads em vendas. Quando as empresas n\u00e3o respondem rapidamente, perdem oportunidades valiosas e arriscam a satisfa\u00e7\u00e3o do <\/div><div class=\"post-more-button\"><a href=\"https:\/\/www.criashop.global\/es\/blog\/2026\/03\/24\/blog-automacao-de-atendimento-empresas-enquanto-dormes-a-tua-concorrencia-esta-a-responder-centraliza-o-atendimento-e-tr\/\"><span>Seguir leyendo<\/span><svg viewbox=\"0 0 13 20\"><polyline points=\"0.5 19.5 3 19.5 12.5 10 3 0.5\" \/><\/svg><\/a><\/div>    <\/div>\r\n<\/div>\r\n<div class=\"standard-blog-item-wrapper post post-8956 type-post status-publish format-standard has-post-thumbnail hentry category-sem-categoria-pt-br\">\r\n    <div class=\"blog-item\">\r\n        <div class=\"post-media-wrapper\"><a href=\"https:\/\/www.criashop.global\/es\/blog\/2026\/03\/23\/blog-resposta-automatica-whatsapp-tempo-e-dinheiro-cada-segundo-na-resposta-conta-para-conversoes-3\/\"><picture><source media=\"(max-width: 575px)\" sizes=\"(max-width: 535px) 535px\" srcset=\"https:\/\/www.criashop.global\/wp-content\/uploads\/2026\/03\/2026-03-23_blog-resposta-automatica-whatsapp-tempo-e-dinheiro-cada-segundo-na-resposta-conta-para-conversoes-2-535x300.png 535w\"><source media=\"(max-width: 991px)\" sizes=\"(max-width: 951px) 951px\" srcset=\"https:\/\/www.criashop.global\/wp-content\/uploads\/2026\/03\/2026-03-23_blog-resposta-automatica-whatsapp-tempo-e-dinheiro-cada-segundo-na-resposta-conta-para-conversoes-2-951x438.png 951w\"><img decoding=\"async\" alt=\"2026-03-23_blog-resposta-automatica-whatsapp-tempo-e-dinheiro-cada-segundo-na-resposta-conta-para-conversoes-2\" title=\"2026-03-23_blog-resposta-automatica-whatsapp-tempo-e-dinheiro-cada-segundo-na-resposta-conta-para-conversoes-2\" src=\"https:\/\/www.criashop.global\/wp-content\/uploads\/2026\/03\/2026-03-23_blog-resposta-automatica-whatsapp-tempo-e-dinheiro-cada-segundo-na-resposta-conta-para-conversoes-2-1170x471.png\" class=\"attachment-post-thumbnail size-post-thumbnail wp-post-image\" \/><\/picture><\/a><\/div><div class=\"post-labels\"><div class=\"post-categories\"><a class=\"post-category-item\" href=\"https:\/\/www.criashop.global\/es\/blog\/category\/sem-categoria-pt-br\/\">Sem categoria<\/a><\/div><\/div><h3 class=\"post-title\"><a href=\"https:\/\/www.criashop.global\/es\/blog\/2026\/03\/23\/blog-resposta-automatica-whatsapp-tempo-e-dinheiro-cada-segundo-na-resposta-conta-para-conversoes-3\/\">A Chave para Converter Mais<\/a><\/h3><div class=\"post-content\">Resumo executivo Este artigo desafia a cren\u00e7a de que a automa\u00e7\u00e3o pode substituir o atendimento humano. Mostramos como uma abordagem h\u00edbrida, especialmente via WhatsApp, pode oferecer resultados superi<\/div><div class=\"post-more-button\"><a href=\"https:\/\/www.criashop.global\/es\/blog\/2026\/03\/23\/blog-resposta-automatica-whatsapp-tempo-e-dinheiro-cada-segundo-na-resposta-conta-para-conversoes-3\/\"><span>Seguir leyendo<\/span><svg viewbox=\"0 0 13 20\"><polyline points=\"0.5 19.5 3 19.5 12.5 10 3 0.5\" \/><\/svg><\/a><\/div>    <\/div>\r\n<\/div>\r\n<div class=\"standard-blog-item-wrapper post post-8954 type-post status-publish format-standard has-post-thumbnail hentry category-sem-categoria-pt-br\">\r\n    <div class=\"blog-item\">\r\n        <div class=\"post-media-wrapper\"><a href=\"https:\/\/www.criashop.global\/es\/blog\/2026\/03\/23\/blog-resposta-automatica-whatsapp-tempo-e-dinheiro-cada-segundo-na-resposta-conta-para-conversoes-2\/\"><picture><source media=\"(max-width: 575px)\" sizes=\"(max-width: 535px) 535px\" srcset=\"https:\/\/www.criashop.global\/wp-content\/uploads\/2026\/03\/2026-03-23_blog-resposta-automatica-whatsapp-tempo-e-dinheiro-cada-segundo-na-resposta-conta-para-conversoes-1-535x300.png 535w\"><source media=\"(max-width: 991px)\" sizes=\"(max-width: 951px) 951px\" srcset=\"https:\/\/www.criashop.global\/wp-content\/uploads\/2026\/03\/2026-03-23_blog-resposta-automatica-whatsapp-tempo-e-dinheiro-cada-segundo-na-resposta-conta-para-conversoes-1-951x438.png 951w\"><img decoding=\"async\" alt=\"2026-03-23_blog-resposta-automatica-whatsapp-tempo-e-dinheiro-cada-segundo-na-resposta-conta-para-conversoes-1\" title=\"2026-03-23_blog-resposta-automatica-whatsapp-tempo-e-dinheiro-cada-segundo-na-resposta-conta-para-conversoes-1\" src=\"https:\/\/www.criashop.global\/wp-content\/uploads\/2026\/03\/2026-03-23_blog-resposta-automatica-whatsapp-tempo-e-dinheiro-cada-segundo-na-resposta-conta-para-conversoes-1-1170x471.png\" class=\"attachment-post-thumbnail size-post-thumbnail wp-post-image\" \/><\/picture><\/a><\/div><div class=\"post-labels\"><div class=\"post-categories\"><a class=\"post-category-item\" href=\"https:\/\/www.criashop.global\/es\/blog\/category\/sem-categoria-pt-br\/\">Sem categoria<\/a><\/div><\/div><h3 class=\"post-title\"><a href=\"https:\/\/www.criashop.global\/es\/blog\/2026\/03\/23\/blog-resposta-automatica-whatsapp-tempo-e-dinheiro-cada-segundo-na-resposta-conta-para-conversoes-2\/\">A Chave para Converter Mais<\/a><\/h3><div class=\"post-content\">Resumo executivo Este artigo desafia a cren\u00e7a de que a automa\u00e7\u00e3o pode substituir o atendimento humano. Mostramos como uma abordagem h\u00edbrida, especialmente via WhatsApp, pode oferecer resultados superi<\/div><div class=\"post-more-button\"><a href=\"https:\/\/www.criashop.global\/es\/blog\/2026\/03\/23\/blog-resposta-automatica-whatsapp-tempo-e-dinheiro-cada-segundo-na-resposta-conta-para-conversoes-2\/\"><span>Seguir leyendo<\/span><svg viewbox=\"0 0 13 20\"><polyline points=\"0.5 19.5 3 19.5 12.5 10 3 0.5\" \/><\/svg><\/a><\/div>    <\/div>\r\n<\/div>\r\n<div class=\"standard-blog-item-wrapper post post-8953 type-post status-publish format-standard has-post-thumbnail hentry category-sem-categoria-pt-br\">\r\n    <div class=\"blog-item\">\r\n        <div class=\"post-media-wrapper\"><a href=\"https:\/\/www.criashop.global\/es\/blog\/2026\/03\/23\/blog-resposta-automatica-whatsapp-tempo-e-dinheiro-cada-segundo-na-resposta-conta-para-conversoes\/\"><picture><source media=\"(max-width: 575px)\" sizes=\"(max-width: 535px) 535px\" srcset=\"https:\/\/www.criashop.global\/wp-content\/uploads\/2026\/03\/2026-03-23_blog-resposta-automatica-whatsapp-tempo-e-dinheiro-cada-segundo-na-resposta-conta-para-conversoes-535x300.png 535w\"><source media=\"(max-width: 991px)\" sizes=\"(max-width: 951px) 951px\" srcset=\"https:\/\/www.criashop.global\/wp-content\/uploads\/2026\/03\/2026-03-23_blog-resposta-automatica-whatsapp-tempo-e-dinheiro-cada-segundo-na-resposta-conta-para-conversoes-951x438.png 951w\"><img decoding=\"async\" alt=\"2026-03-23_blog-resposta-automatica-whatsapp-tempo-e-dinheiro-cada-segundo-na-resposta-conta-para-conversoes\" title=\"2026-03-23_blog-resposta-automatica-whatsapp-tempo-e-dinheiro-cada-segundo-na-resposta-conta-para-conversoes\" src=\"https:\/\/www.criashop.global\/wp-content\/uploads\/2026\/03\/2026-03-23_blog-resposta-automatica-whatsapp-tempo-e-dinheiro-cada-segundo-na-resposta-conta-para-conversoes-1170x471.png\" class=\"attachment-post-thumbnail size-post-thumbnail wp-post-image\" \/><\/picture><\/a><\/div><div class=\"post-labels\"><div class=\"post-categories\"><a class=\"post-category-item\" href=\"https:\/\/www.criashop.global\/es\/blog\/category\/sem-categoria-pt-br\/\">Sem categoria<\/a><\/div><\/div><h3 class=\"post-title\"><a href=\"https:\/\/www.criashop.global\/es\/blog\/2026\/03\/23\/blog-resposta-automatica-whatsapp-tempo-e-dinheiro-cada-segundo-na-resposta-conta-para-conversoes\/\">A Chave para Converter Mais<\/a><\/h3><div class=\"post-content\">Resumo executivo Este artigo desafia a cren\u00e7a de que a automa\u00e7\u00e3o pode substituir o atendimento humano. Mostramos como uma abordagem h\u00edbrida, especialmente via WhatsApp, pode oferecer resultados superi<\/div><div class=\"post-more-button\"><a href=\"https:\/\/www.criashop.global\/es\/blog\/2026\/03\/23\/blog-resposta-automatica-whatsapp-tempo-e-dinheiro-cada-segundo-na-resposta-conta-para-conversoes\/\"><span>Seguir leyendo<\/span><svg viewbox=\"0 0 13 20\"><polyline points=\"0.5 19.5 3 19.5 12.5 10 3 0.5\" \/><\/svg><\/a><\/div>    <\/div>\r\n<\/div>            <\/div>\n\n            <div class=\"content-pagination\"><nav class=\"navigation pagination\" role=\"navigation\"><h2 class=\"screen-reader-text\">Pagination<\/h2><div class=\"nav-links\"><span aria-current=\"page\" class=\"page-numbers current\">1<\/span>\n<a class=\"page-numbers\" href=\"https:\/\/www.criashop.global\/es\/wp-json\/wp\/v2\/pages\/196\/?a22fb37-paged=2\">2<\/a>\n<a class=\"page-numbers\" href=\"https:\/\/www.criashop.global\/es\/wp-json\/wp\/v2\/pages\/196\/?a22fb37-paged=3\">3<\/a>\n<a class=\"page-numbers\" href=\"https:\/\/www.criashop.global\/es\/wp-json\/wp\/v2\/pages\/196\/?a22fb37-paged=4\">4<\/a>\n<a class=\"next page-numbers\" href=\"https:\/\/www.criashop.global\/es\/wp-json\/wp\/v2\/pages\/196\/?a22fb37-paged=2\"><div class=\"button-icon\"><\/div><\/a><\/div><\/nav><\/div>        <\/div>\n        \t\t<\/div>\n\t\t\t\t<\/div>\n\t\t\t\t\t\t<\/div>\n\t\t\t\t\t<\/div>\n\t\t<\/div>\n\t\t\t\t\t\t\t\t<\/div>\n\t\t\t\t\t<\/div>\n\t\t<\/section>\n\t\t\t\t\t\t\t\t\t<\/div>\n\t\t\t<\/div>\n\t\t\t\t\t<\/div>","protected":false},"excerpt":{"rendered":"","protected":false},"author":1,"featured_media":0,"parent":0,"menu_order":0,"comment_status":"closed","ping_status":"closed","template":"","meta":{"footnotes":""},"class_list":["post-196","page","type-page","status-publish","hentry"],"aioseo_notices":[],"_links":{"self":[{"href":"https:\/\/www.criashop.global\/es\/wp-json\/wp\/v2\/pages\/196","targetHints":{"allow":["GET"]}}],"collection":[{"href":"https:\/\/www.criashop.global\/es\/wp-json\/wp\/v2\/pages"}],"about":[{"href":"https:\/\/www.criashop.global\/es\/wp-json\/wp\/v2\/types\/page"}],"author":[{"embeddable":true,"href":"https:\/\/www.criashop.global\/es\/wp-json\/wp\/v2\/users\/1"}],"replies":[{"embeddable":true,"href":"https:\/\/www.criashop.global\/es\/wp-json\/wp\/v2\/comments?post=196"}],"version-history":[{"count":0,"href":"https:\/\/www.criashop.global\/es\/wp-json\/wp\/v2\/pages\/196\/revisions"}],"wp:attachment":[{"href":"https:\/\/www.criashop.global\/es\/wp-json\/wp\/v2\/media?parent=196"}],"curies":[{"name":"wp","href":"https:\/\/api.w.org\/{rel}","templated":true}]}}