{"id":5769,"date":"2021-10-05T16:31:31","date_gmt":"2021-10-05T16:31:31","guid":{"rendered":"https:\/\/demo.artureanec.com\/themes\/technum\/?page_id=5769"},"modified":"2024-01-15T18:08:20","modified_gmt":"2024-01-15T21:08:20","slug":"termos-condicoes","status":"publish","type":"page","link":"https:\/\/www.criashop.global\/es\/condiciones-generales\/","title":{"rendered":"Condiciones generales"},"content":{"rendered":"<div data-elementor-type=\"wp-page\" data-elementor-id=\"5769\" class=\"elementor elementor-5769\">\n\t\t\t\t\t\t<div class=\"elementor-inner\">\n\t\t\t\t<div class=\"elementor-section-wrap\">\n\t\t\t\t\t\t\t<div class=\"elementor-element elementor-element-1f0ee425 e-flex e-con-boxed e-con e-parent\" data-id=\"1f0ee425\" data-element_type=\"container\" data-settings=\"{&quot;content_width&quot;:&quot;boxed&quot;}\" data-core-v316-plus=\"true\">\n\t\t\t\t\t<div class=\"e-con-inner\">\n\t\t\t\t<div class=\"elementor-element elementor-element-1e474165 elementor-widget elementor-widget-text-editor\" data-id=\"1e474165\" data-element_type=\"widget\" data-widget_type=\"text-editor.default\">\n\t\t\t\t<div class=\"elementor-widget-container\">\n\t\t\t<style>\/*! elementor - v3.18.0 - 20-12-2023 *\/\n.elementor-widget-text-editor.elementor-drop-cap-view-stacked .elementor-drop-cap{background-color:#69727d;color:#fff}.elementor-widget-text-editor.elementor-drop-cap-view-framed .elementor-drop-cap{color:#69727d;border:3px solid;background-color:transparent}.elementor-widget-text-editor:not(.elementor-drop-cap-view-default) .elementor-drop-cap{margin-top:8px}.elementor-widget-text-editor:not(.elementor-drop-cap-view-default) .elementor-drop-cap-letter{width:1em;height:1em}.elementor-widget-text-editor .elementor-drop-cap{float:left;text-align:center;line-height:1;font-size:50px}.elementor-widget-text-editor .elementor-drop-cap-letter{display:inline-block}<\/style>\t\t\t\t\t<div class=\"elementor-text-editor elementor-clearfix\">\n\t\t\t\t<p>Al acceder y utilizar nuestro sitio web, acepta cumplir y quedar vinculado por los siguientes t\u00e9rminos y condiciones de uso. Le recomendamos que las lea detenidamente antes de continuar.<\/p><h2>1. Aceptaci\u00f3n de las condiciones<\/h2><p>Al acceder a este sitio web, usted acepta cumplir estos t\u00e9rminos y condiciones de uso y respetar todas las leyes y normativas aplicables. Si no est\u00e1 de acuerdo con alguno de estos t\u00e9rminos, le recomendamos que no utilice nuestra p\u00e1gina web. Los materiales aqu\u00ed presentados est\u00e1n protegidos por derechos de autor y marcas registradas.<\/p><h2>2. Uso del sitio web<\/h2><p>Este sitio est\u00e1 dedicado a dar a conocer nuestros servicios, incluyendo el desarrollo de tiendas en l\u00ednea, consultor\u00eda, mantenimiento y marketing. Usted se compromete a utilizar el contenido disponible con fines informativos y comerciales, sin reproducci\u00f3n no autorizada ni uso indebido. El acceso al sitio no le garantiza la obtenci\u00f3n de nuestros servicios; para ello, p\u00f3ngase en contacto con nosotros.<\/p><h2>3. Informaci\u00f3n del usuario<\/h2><p>Al utilizar nuestro sitio web, usted se compromete a proporcionar informaci\u00f3n precisa y actualizada, especialmente cuando solicite servicios espec\u00edficos. Nos comprometemos a proteger la privacidad de esta informaci\u00f3n, tal y como se detalla en nuestra Pol\u00edtica de privacidad.<\/p><h2>4. Servicios ofrecidos<\/h2><p>La informaci\u00f3n sobre nuestros servicios, incluidos el desarrollo, la consultor\u00eda, el mantenimiento y el marketing de la tienda electr\u00f3nica, se proporciona a t\u00edtulo orientativo. Nos comprometemos a prestar servicios de calidad, pero no garantizamos resultados concretos. Al contratar nuestros servicios se establecer\u00e1n condiciones adicionales y acuerdos espec\u00edficos.<\/p><h2>5. Modificaciones<\/h2><p>Nos reservamos el derecho a modificar estas condiciones de uso en cualquier momento y sin previo aviso. Al continuar utilizando este sitio, usted acepta regirse por la versi\u00f3n m\u00e1s reciente de estas condiciones de uso.<\/p><h2>6. Limitaci\u00f3n de responsabilidad<\/h2><p>Este sitio se ofrece \"tal cual\". No garantizamos la exactitud, fiabilidad o integridad de la informaci\u00f3n. Bajo ninguna circunstancia seremos responsables de los da\u00f1os directos, indirectos, fortuitos, consecuentes o punitivos derivados del uso o de la imposibilidad de usar nuestra p\u00e1gina web o nuestros servicios.<\/p><p>Si necesita m\u00e1s informaci\u00f3n sobre nuestras condiciones de uso, p\u00f3ngase en contacto con nosotros a trav\u00e9s de los medios de comunicaci\u00f3n disponibles en el sitio web.<\/p>\t\t\t\t\t<\/div>\n\t\t\t\t\t\t<\/div>\n\t\t\t\t<\/div>\n\t\t\t\t\t<\/div>\n\t\t\t\t<\/div>\n\t\t\t\t\t\t\t\t\t<\/div>\n\t\t\t<\/div>\n\t\t\t\t\t<\/div>","protected":false},"excerpt":{"rendered":"<p>Ao acessar e utilizar nosso website, voc\u00ea concorda em cumprir e estar vinculado aos seguintes termos e condi\u00e7\u00f5es de uso. Recomendamos que leia atentamente antes de continuar. 1. Aceita\u00e7\u00e3o dos Termos Ao acessar este site, voc\u00ea concorda em cumprir estes termos&#8230;<\/p>","protected":false},"author":1,"featured_media":0,"parent":0,"menu_order":0,"comment_status":"closed","ping_status":"closed","template":"","meta":{"footnotes":""},"class_list":["post-5769","page","type-page","status-publish","hentry"],"aioseo_notices":[],"_links":{"self":[{"href":"https:\/\/www.criashop.global\/es\/wp-json\/wp\/v2\/pages\/5769","targetHints":{"allow":["GET"]}}],"collection":[{"href":"https:\/\/www.criashop.global\/es\/wp-json\/wp\/v2\/pages"}],"about":[{"href":"https:\/\/www.criashop.global\/es\/wp-json\/wp\/v2\/types\/page"}],"author":[{"embeddable":true,"href":"https:\/\/www.criashop.global\/es\/wp-json\/wp\/v2\/users\/1"}],"replies":[{"embeddable":true,"href":"https:\/\/www.criashop.global\/es\/wp-json\/wp\/v2\/comments?post=5769"}],"version-history":[{"count":0,"href":"https:\/\/www.criashop.global\/es\/wp-json\/wp\/v2\/pages\/5769\/revisions"}],"wp:attachment":[{"href":"https:\/\/www.criashop.global\/es\/wp-json\/wp\/v2\/media?parent=5769"}],"curies":[{"name":"wp","href":"https:\/\/api.w.org\/{rel}","templated":true}]}}