{"id":6512,"date":"2021-03-23T16:43:51","date_gmt":"2021-03-23T16:43:51","guid":{"rendered":"https:\/\/demo.artureanec.com\/themes\/technum\/?page_id=3"},"modified":"2024-01-15T18:05:34","modified_gmt":"2024-01-15T21:05:34","slug":"politica-privacidade","status":"publish","type":"page","link":"https:\/\/www.criashop.global\/es\/politica-de-privacidad\/","title":{"rendered":"Pol\u00edtica de privacidad"},"content":{"rendered":"<div data-elementor-type=\"wp-page\" data-elementor-id=\"6512\" class=\"elementor elementor-6512\">\n\t\t\t\t\t\t<div class=\"elementor-inner\">\n\t\t\t\t<div class=\"elementor-section-wrap\">\n\t\t\t\t\t\t\t<div class=\"elementor-element elementor-element-73398617 e-flex e-con-boxed e-con e-parent\" data-id=\"73398617\" data-element_type=\"container\" data-settings=\"{&quot;content_width&quot;:&quot;boxed&quot;}\" data-core-v316-plus=\"true\">\n\t\t\t\t\t<div class=\"e-con-inner\">\n\t\t\t\t<div class=\"elementor-element elementor-element-1a49d4f8 elementor-widget elementor-widget-text-editor\" data-id=\"1a49d4f8\" data-element_type=\"widget\" data-widget_type=\"text-editor.default\">\n\t\t\t\t<div class=\"elementor-widget-container\">\n\t\t\t<style>\/*! elementor - v3.18.0 - 20-12-2023 *\/\n.elementor-widget-text-editor.elementor-drop-cap-view-stacked .elementor-drop-cap{background-color:#69727d;color:#fff}.elementor-widget-text-editor.elementor-drop-cap-view-framed .elementor-drop-cap{color:#69727d;border:3px solid;background-color:transparent}.elementor-widget-text-editor:not(.elementor-drop-cap-view-default) .elementor-drop-cap{margin-top:8px}.elementor-widget-text-editor:not(.elementor-drop-cap-view-default) .elementor-drop-cap-letter{width:1em;height:1em}.elementor-widget-text-editor .elementor-drop-cap{float:left;text-align:center;line-height:1;font-size:50px}.elementor-widget-text-editor .elementor-drop-cap-letter{display:inline-block}<\/style>\t\t\t\t\t<div class=\"elementor-text-editor elementor-clearfix\">\n\t\t\t\t<h2>Recogida de informaci\u00f3n:<\/h2>\n<p>Recopilamos informaci\u00f3n cuando usted interact\u00faa con nuestro sitio web o solicita nuestros servicios, incluidos los datos proporcionados voluntariamente y la informaci\u00f3n de navegaci\u00f3n. Esto incluye, entre otros, datos de contacto, datos de pago e informaci\u00f3n t\u00e9cnica.<\/p>\n<h2>Uso de la informaci\u00f3n:<\/h2>\n<p>La informaci\u00f3n recopilada se utiliza para prestar nuestros servicios, procesar transacciones, enviar comunicaciones relevantes y mejorar la calidad de nuestros servicios. Nos comprometemos a no compartir su informaci\u00f3n con terceros sin su consentimiento.<\/p>\n<h2>Protecci\u00f3n de la informaci\u00f3n:<\/h2>\n<p>Hemos implementado medidas de seguridad para proteger su informaci\u00f3n personal. Nos comprometemos a mantener la confidencialidad y seguridad de su informaci\u00f3n.<\/p>\n<h2>Galletas:<\/h2>\n<p>Utilizamos cookies para mejorar la experiencia del usuario, personalizar el contenido y los anuncios, proporcionar funciones de medios sociales y analizar nuestro tr\u00e1fico. Si contin\u00faa navegando, consideramos que acepta su uso.<\/p>\n<h2>Consentimiento:<\/h2>\n<p>Al utilizar nuestro sitio web, usted acepta nuestra pol\u00edtica de privacidad.<\/p>\n<h2>Cambios en la pol\u00edtica de privacidad:<\/h2>\n<p>Cualquier cambio en nuestra pol\u00edtica de privacidad se publicar\u00e1 en esta p\u00e1gina. Le recomendamos revisarla peri\u00f3dicamente para estar al tanto de cualquier actualizaci\u00f3n.<\/p>\n<p>Si necesita m\u00e1s informaci\u00f3n sobre nuestra pol\u00edtica de privacidad, p\u00f3ngase en contacto con nosotros en&nbsp;<span style=\"text-align: var(--text-align);\">con nosotros a trav\u00e9s de los medios de comunicaci\u00f3n disponibles en la p\u00e1gina web.<\/span><\/p>\t\t\t\t\t<\/div>\n\t\t\t\t\t\t<\/div>\n\t\t\t\t<\/div>\n\t\t\t\t\t<\/div>\n\t\t\t\t<\/div>\n\t\t\t\t\t\t\t\t\t<\/div>\n\t\t\t<\/div>\n\t\t\t\t\t<\/div>","protected":false},"excerpt":{"rendered":"<p>Coleta de Informa\u00e7\u00f5es: Coletamos informa\u00e7\u00f5es quando voc\u00ea interage com nosso site ou solicita nossos servi\u00e7os, incluindo dados fornecidos voluntariamente e informa\u00e7\u00f5es de navega\u00e7\u00e3o. Isso inclui, mas n\u00e3o se limita a, dados de contato, dados de pagamento e informa\u00e7\u00f5es t\u00e9cnicas. Uso das&#8230;<\/p>","protected":false},"author":1,"featured_media":0,"parent":0,"menu_order":0,"comment_status":"closed","ping_status":"closed","template":"","meta":{"footnotes":""},"class_list":["post-6512","page","type-page","status-publish","hentry"],"aioseo_notices":[],"_links":{"self":[{"href":"https:\/\/www.criashop.global\/es\/wp-json\/wp\/v2\/pages\/6512","targetHints":{"allow":["GET"]}}],"collection":[{"href":"https:\/\/www.criashop.global\/es\/wp-json\/wp\/v2\/pages"}],"about":[{"href":"https:\/\/www.criashop.global\/es\/wp-json\/wp\/v2\/types\/page"}],"author":[{"embeddable":true,"href":"https:\/\/www.criashop.global\/es\/wp-json\/wp\/v2\/users\/1"}],"replies":[{"embeddable":true,"href":"https:\/\/www.criashop.global\/es\/wp-json\/wp\/v2\/comments?post=6512"}],"version-history":[{"count":0,"href":"https:\/\/www.criashop.global\/es\/wp-json\/wp\/v2\/pages\/6512\/revisions"}],"wp:attachment":[{"href":"https:\/\/www.criashop.global\/es\/wp-json\/wp\/v2\/media?parent=6512"}],"curies":[{"name":"wp","href":"https:\/\/api.w.org\/{rel}","templated":true}]}}