{"id":6512,"date":"2021-03-23T16:43:51","date_gmt":"2021-03-23T16:43:51","guid":{"rendered":"https:\/\/demo.artureanec.com\/themes\/technum\/?page_id=3"},"modified":"2024-01-15T18:05:34","modified_gmt":"2024-01-15T21:05:34","slug":"politica-privacidade","status":"publish","type":"page","link":"https:\/\/www.criashop.global\/pt\/politica-privacidade\/","title":{"rendered":"Pol\u00edtica de Privacidade"},"content":{"rendered":"<div data-elementor-type=\"wp-page\" data-elementor-id=\"6512\" class=\"elementor elementor-6512\">\n\t\t\t\t\t\t<div class=\"elementor-inner\">\n\t\t\t\t<div class=\"elementor-section-wrap\">\n\t\t\t\t\t\t\t<div class=\"elementor-element elementor-element-73398617 e-flex e-con-boxed e-con e-parent\" data-id=\"73398617\" data-element_type=\"container\" data-settings=\"{&quot;content_width&quot;:&quot;boxed&quot;}\" data-core-v316-plus=\"true\">\n\t\t\t\t\t<div class=\"e-con-inner\">\n\t\t\t\t<div class=\"elementor-element elementor-element-1a49d4f8 elementor-widget elementor-widget-text-editor\" data-id=\"1a49d4f8\" data-element_type=\"widget\" data-widget_type=\"text-editor.default\">\n\t\t\t\t<div class=\"elementor-widget-container\">\n\t\t\t<style>\/*! elementor - v3.18.0 - 20-12-2023 *\/\n.elementor-widget-text-editor.elementor-drop-cap-view-stacked .elementor-drop-cap{background-color:#69727d;color:#fff}.elementor-widget-text-editor.elementor-drop-cap-view-framed .elementor-drop-cap{color:#69727d;border:3px solid;background-color:transparent}.elementor-widget-text-editor:not(.elementor-drop-cap-view-default) .elementor-drop-cap{margin-top:8px}.elementor-widget-text-editor:not(.elementor-drop-cap-view-default) .elementor-drop-cap-letter{width:1em;height:1em}.elementor-widget-text-editor .elementor-drop-cap{float:left;text-align:center;line-height:1;font-size:50px}.elementor-widget-text-editor .elementor-drop-cap-letter{display:inline-block}<\/style>\t\t\t\t\t<div class=\"elementor-text-editor elementor-clearfix\">\n\t\t\t\t<h2>Coleta de Informa\u00e7\u00f5es:<\/h2>\n<p>Coletamos informa\u00e7\u00f5es quando voc\u00ea interage com nosso site ou solicita nossos servi\u00e7os, incluindo dados fornecidos voluntariamente e informa\u00e7\u00f5es de navega\u00e7\u00e3o. Isso inclui, mas n\u00e3o se limita a, dados de contato, dados de pagamento e informa\u00e7\u00f5es t\u00e9cnicas.<\/p>\n<h2>Uso das Informa\u00e7\u00f5es:<\/h2>\n<p>As informa\u00e7\u00f5es coletadas s\u00e3o usadas para fornecer nossos servi\u00e7os, processar transa\u00e7\u00f5es, enviar comunica\u00e7\u00f5es relevantes e melhorar a qualidade de nossos servi\u00e7os. Comprometemo-nos a n\u00e3o compartilhar suas informa\u00e7\u00f5es com terceiros sem seu consentimento.<\/p>\n<h2>Prote\u00e7\u00e3o da Informa\u00e7\u00e3o:<\/h2>\n<p>Implementamos medidas de seguran\u00e7a para proteger suas informa\u00e7\u00f5es pessoais. Comprometemo-nos a manter a confidencialidade e seguran\u00e7a de suas informa\u00e7\u00f5es.<\/p>\n<h2>Cookies:<\/h2>\n<p>Utilizamos cookies para melhorar a experi\u00eancia do usu\u00e1rio, personalizar conte\u00fado e an\u00fancios, fornecer recursos de m\u00eddia social e analisar nosso tr\u00e1fego. Ao continuar a usar nosso site, voc\u00ea concorda com o uso de cookies.<\/p>\n<h2>Consentimento:<\/h2>\n<p>Ao utilizar nosso site, voc\u00ea consente com nossa pol\u00edtica de privacidade.<\/p>\n<h2>Altera\u00e7\u00f5es na Pol\u00edtica de Privacidade:<\/h2>\n<p>Quaisquer altera\u00e7\u00f5es em nossa pol\u00edtica de privacidade ser\u00e3o publicadas nesta p\u00e1gina. Recomendamos revisar periodicamente para estar ciente de qualquer atualiza\u00e7\u00e3o.<\/p>\n<p>Se precisar de mais informa\u00e7\u00f5es sobre nossa pol\u00edtica de privacidade, entre em contato&nbsp;<span style=\"text-align: var(--text-align);\">conosco atrav\u00e9s dos meios de comunica\u00e7\u00e3o dispon\u00edveis no site.<\/span><\/p>\t\t\t\t\t<\/div>\n\t\t\t\t\t\t<\/div>\n\t\t\t\t<\/div>\n\t\t\t\t\t<\/div>\n\t\t\t\t<\/div>\n\t\t\t\t\t\t\t\t\t<\/div>\n\t\t\t<\/div>\n\t\t\t\t\t<\/div>","protected":false},"excerpt":{"rendered":"<p>Coleta de Informa\u00e7\u00f5es: Coletamos informa\u00e7\u00f5es quando voc\u00ea interage com nosso site ou solicita nossos servi\u00e7os, incluindo dados fornecidos voluntariamente e informa\u00e7\u00f5es de navega\u00e7\u00e3o. Isso inclui, mas n\u00e3o se limita a, dados de contato, dados de pagamento e informa\u00e7\u00f5es t\u00e9cnicas. Uso das&#8230;<\/p>","protected":false},"author":1,"featured_media":0,"parent":0,"menu_order":0,"comment_status":"closed","ping_status":"closed","template":"","meta":{"footnotes":""},"class_list":["post-6512","page","type-page","status-publish","hentry"],"aioseo_notices":[],"_links":{"self":[{"href":"https:\/\/www.criashop.global\/pt\/wp-json\/wp\/v2\/pages\/6512","targetHints":{"allow":["GET"]}}],"collection":[{"href":"https:\/\/www.criashop.global\/pt\/wp-json\/wp\/v2\/pages"}],"about":[{"href":"https:\/\/www.criashop.global\/pt\/wp-json\/wp\/v2\/types\/page"}],"author":[{"embeddable":true,"href":"https:\/\/www.criashop.global\/pt\/wp-json\/wp\/v2\/users\/1"}],"replies":[{"embeddable":true,"href":"https:\/\/www.criashop.global\/pt\/wp-json\/wp\/v2\/comments?post=6512"}],"version-history":[{"count":0,"href":"https:\/\/www.criashop.global\/pt\/wp-json\/wp\/v2\/pages\/6512\/revisions"}],"wp:attachment":[{"href":"https:\/\/www.criashop.global\/pt\/wp-json\/wp\/v2\/media?parent=6512"}],"curies":[{"name":"wp","href":"https:\/\/api.w.org\/{rel}","templated":true}]}}